{"id":19,"date":"2016-12-01T22:10:19","date_gmt":"2016-12-01T22:10:19","guid":{"rendered":"http:\/\/esporteevidasite.com.br\/?page_id=19"},"modified":"2017-01-23T19:01:55","modified_gmt":"2017-01-23T21:01:55","slug":"historia","status":"publish","type":"page","link":"https:\/\/esporteevidasite.com.br\/index.php\/historia\/","title":{"rendered":"Hist\u00f3ria"},"content":{"rendered":"<p>O Esporte \u00e9 Vida nasceu no ano de 2007 com uma equipe de estudantes de v\u00e1rios segmentos e de v\u00e1rios estados. O Blog se especializou por coberturas de grandes eventos esportivos,<\/p>\n<p>Nestes nove anos o blog cobriu alguns grandes eventos mundisis<\/p>\n<ul>\n<li>Olimp\u00edadaa de Pequim 2008<\/li>\n<li>Copa do Mundo 2010 na \u00c1frica do Sul<\/li>\n<li>Olimp\u00edadas\u00a0 de Londres 2012<\/li>\n<li>Copa do Mundo 2014 no Brasil<\/li>\n<li>Olimp\u00edadas do Rio de Janeiro 2016<\/li>\n<\/ul>\n<p>O Blog, tamb\u00e9m, est\u00e1 ligado em grandes acontecimentos do mundo do esporte com opini\u00f5es e avalia\u00e7\u00f5es<\/p>\n","protected":false},"excerpt":{"rendered":"<p>O Esporte \u00e9 Vida nasceu no ano de 2007 com uma equipe de estudantes de v\u00e1rios segmentos e de v\u00e1rios estados. O Blog se especializou por coberturas de grandes eventos esportivos, Nestes nove anos o blog cobriu alguns grandes eventos mundisis Olimp\u00edadaa de Pequim 2008 Copa do Mundo 2010 na \u00c1frica do Sul Olimp\u00edadas\u00a0 de [&hellip;]<\/p>\n","protected":false},"author":1,"featured_media":0,"parent":0,"menu_order":0,"comment_status":"closed","ping_status":"open","template":"","meta":{"_bbp_topic_count":0,"_bbp_reply_count":0,"_bbp_total_topic_count":0,"_bbp_total_reply_count":0,"_bbp_voice_count":0,"_bbp_anonymous_reply_count":0,"_bbp_topic_count_hidden":0,"_bbp_reply_count_hidden":0,"_bbp_forum_subforum_count":0,"om_disable_all_campaigns":false,"footnotes":""},"class_list":["post-19","page","type-page","status-publish","hentry"],"yoast_head":"<!-- This site is optimized with the Yoast SEO plugin v27.5 - https:\/\/yoast.com\/product\/yoast-seo-wordpress\/ -->\n<title>Hist\u00f3ria - Esporte \u00c9 Vida<\/title>\n<meta name=\"robots\" content=\"index, follow, max-snippet:-1, max-image-preview:large, max-video-preview:-1\" \/>\n<link rel=\"canonical\" href=\"https:\/\/esporteevidasite.com.br\/index.php\/historia\/\" \/>\n<meta property=\"og:locale\" content=\"pt_BR\" \/>\n<meta property=\"og:type\" content=\"article\" \/>\n<meta property=\"og:title\" content=\"Hist\u00f3ria - Esporte \u00c9 Vida\" \/>\n<meta property=\"og:description\" content=\"O Esporte \u00e9 Vida nasceu no ano de 2007 com uma equipe de estudantes de v\u00e1rios segmentos e de v\u00e1rios estados. O Blog se especializou por coberturas de grandes eventos esportivos, Nestes nove anos o blog cobriu alguns grandes eventos mundisis Olimp\u00edadaa de Pequim 2008 Copa do Mundo 2010 na \u00c1frica do Sul Olimp\u00edadas\u00a0 de [&hellip;]\" \/>\n<meta property=\"og:url\" content=\"https:\/\/esporteevidasite.com.br\/index.php\/historia\/\" \/>\n<meta property=\"og:site_name\" content=\"Esporte \u00c9 Vida\" \/>\n<meta property=\"article:modified_time\" content=\"2017-01-23T21:01:55+00:00\" \/>\n<meta name=\"twitter:card\" content=\"summary_large_image\" \/>\n<script type=\"application\/ld+json\" class=\"yoast-schema-graph\">{\"@context\":\"https:\\\/\\\/schema.org\",\"@graph\":[{\"@type\":\"WebPage\",\"@id\":\"https:\\\/\\\/esporteevidasite.com.br\\\/index.php\\\/historia\\\/\",\"url\":\"https:\\\/\\\/esporteevidasite.com.br\\\/index.php\\\/historia\\\/\",\"name\":\"Hist\u00f3ria - Esporte \u00c9 Vida\",\"isPartOf\":{\"@id\":\"https:\\\/\\\/esporteevidasite.com.br\\\/#website\"},\"datePublished\":\"2016-12-01T22:10:19+00:00\",\"dateModified\":\"2017-01-23T21:01:55+00:00\",\"breadcrumb\":{\"@id\":\"https:\\\/\\\/esporteevidasite.com.br\\\/index.php\\\/historia\\\/#breadcrumb\"},\"inLanguage\":\"pt-BR\",\"potentialAction\":[{\"@type\":\"ReadAction\",\"target\":[\"https:\\\/\\\/esporteevidasite.com.br\\\/index.php\\\/historia\\\/\"]}]},{\"@type\":\"BreadcrumbList\",\"@id\":\"https:\\\/\\\/esporteevidasite.com.br\\\/index.php\\\/historia\\\/#breadcrumb\",\"itemListElement\":[{\"@type\":\"ListItem\",\"position\":1,\"name\":\"In\u00edcio\",\"item\":\"https:\\\/\\\/esporteevidasite.com.br\\\/\"},{\"@type\":\"ListItem\",\"position\":2,\"name\":\"Hist\u00f3ria\"}]},{\"@type\":\"WebSite\",\"@id\":\"https:\\\/\\\/esporteevidasite.com.br\\\/#website\",\"url\":\"https:\\\/\\\/esporteevidasite.com.br\\\/\",\"name\":\"Esporte \u00c9 Vida\",\"description\":\"Uma vis\u00e3o diferente do Esporte\",\"potentialAction\":[{\"@type\":\"SearchAction\",\"target\":{\"@type\":\"EntryPoint\",\"urlTemplate\":\"https:\\\/\\\/esporteevidasite.com.br\\\/?s={search_term_string}\"},\"query-input\":{\"@type\":\"PropertyValueSpecification\",\"valueRequired\":true,\"valueName\":\"search_term_string\"}}],\"inLanguage\":\"pt-BR\"}]}<\/script>\n<!-- \/ Yoast SEO plugin. -->","yoast_head_json":{"title":"Hist\u00f3ria - Esporte \u00c9 Vida","robots":{"index":"index","follow":"follow","max-snippet":"max-snippet:-1","max-image-preview":"max-image-preview:large","max-video-preview":"max-video-preview:-1"},"canonical":"https:\/\/esporteevidasite.com.br\/index.php\/historia\/","og_locale":"pt_BR","og_type":"article","og_title":"Hist\u00f3ria - Esporte \u00c9 Vida","og_description":"O Esporte \u00e9 Vida nasceu no ano de 2007 com uma equipe de estudantes de v\u00e1rios segmentos e de v\u00e1rios estados. O Blog se especializou por coberturas de grandes eventos esportivos, Nestes nove anos o blog cobriu alguns grandes eventos mundisis Olimp\u00edadaa de Pequim 2008 Copa do Mundo 2010 na \u00c1frica do Sul Olimp\u00edadas\u00a0 de [&hellip;]","og_url":"https:\/\/esporteevidasite.com.br\/index.php\/historia\/","og_site_name":"Esporte \u00c9 Vida","article_modified_time":"2017-01-23T21:01:55+00:00","twitter_card":"summary_large_image","schema":{"@context":"https:\/\/schema.org","@graph":[{"@type":"WebPage","@id":"https:\/\/esporteevidasite.com.br\/index.php\/historia\/","url":"https:\/\/esporteevidasite.com.br\/index.php\/historia\/","name":"Hist\u00f3ria - Esporte \u00c9 Vida","isPartOf":{"@id":"https:\/\/esporteevidasite.com.br\/#website"},"datePublished":"2016-12-01T22:10:19+00:00","dateModified":"2017-01-23T21:01:55+00:00","breadcrumb":{"@id":"https:\/\/esporteevidasite.com.br\/index.php\/historia\/#breadcrumb"},"inLanguage":"pt-BR","potentialAction":[{"@type":"ReadAction","target":["https:\/\/esporteevidasite.com.br\/index.php\/historia\/"]}]},{"@type":"BreadcrumbList","@id":"https:\/\/esporteevidasite.com.br\/index.php\/historia\/#breadcrumb","itemListElement":[{"@type":"ListItem","position":1,"name":"In\u00edcio","item":"https:\/\/esporteevidasite.com.br\/"},{"@type":"ListItem","position":2,"name":"Hist\u00f3ria"}]},{"@type":"WebSite","@id":"https:\/\/esporteevidasite.com.br\/#website","url":"https:\/\/esporteevidasite.com.br\/","name":"Esporte \u00c9 Vida","description":"Uma vis\u00e3o diferente do Esporte","potentialAction":[{"@type":"SearchAction","target":{"@type":"EntryPoint","urlTemplate":"https:\/\/esporteevidasite.com.br\/?s={search_term_string}"},"query-input":{"@type":"PropertyValueSpecification","valueRequired":true,"valueName":"search_term_string"}}],"inLanguage":"pt-BR"}]}},"_links":{"self":[{"href":"https:\/\/esporteevidasite.com.br\/index.php\/wp-json\/wp\/v2\/pages\/19","targetHints":{"allow":["GET"]}}],"collection":[{"href":"https:\/\/esporteevidasite.com.br\/index.php\/wp-json\/wp\/v2\/pages"}],"about":[{"href":"https:\/\/esporteevidasite.com.br\/index.php\/wp-json\/wp\/v2\/types\/page"}],"author":[{"embeddable":true,"href":"https:\/\/esporteevidasite.com.br\/index.php\/wp-json\/wp\/v2\/users\/1"}],"replies":[{"embeddable":true,"href":"https:\/\/esporteevidasite.com.br\/index.php\/wp-json\/wp\/v2\/comments?post=19"}],"version-history":[{"count":4,"href":"https:\/\/esporteevidasite.com.br\/index.php\/wp-json\/wp\/v2\/pages\/19\/revisions"}],"predecessor-version":[{"id":39,"href":"https:\/\/esporteevidasite.com.br\/index.php\/wp-json\/wp\/v2\/pages\/19\/revisions\/39"}],"wp:attachment":[{"href":"https:\/\/esporteevidasite.com.br\/index.php\/wp-json\/wp\/v2\/media?parent=19"}],"curies":[{"name":"wp","href":"https:\/\/api.w.org\/{rel}","templated":true}]}}