{"id":15,"date":"2016-12-01T13:03:10","date_gmt":"2016-12-01T13:03:10","guid":{"rendered":"http:\/\/esporteevidasite.com.br\/?page_id=15"},"modified":"2016-12-02T21:53:29","modified_gmt":"2016-12-02T21:53:29","slug":"sobre-o-autor","status":"publish","type":"page","link":"https:\/\/esporteevidasite.com.br\/index.php\/sobre-o-autor\/","title":{"rendered":"Sobre o autor"},"content":{"rendered":"<p>Sou o Leonardo de Camargos Martins, 28 anos, jornalista, p\u00f3s-graduando em Marketing Digital, banc\u00e1rio do Banco do Brasil. Um deficiente com muito orgulho e um apaixonado por esportes e m\u00eddia eletr\u00f4nica.<\/p>\n<p>Autor de blogs opinativos e informativos como o Esporte \u00c9 Vida<img loading=\"lazy\" decoding=\"async\" class=\"aligncenter\" src=\"https:\/\/scontent.fplu3-1.fna.fbcdn.net\/v\/t1.0-9\/14224849_1138231726251257_5757453906281645722_n.jpg?oh=e6c7fe6aa7ec2abb4fe1afbca1364ed3&amp;oe=58C6B192\" alt=\"\" width=\"275\" height=\"275\" \/><\/p>\n<p>&nbsp;<\/p>\n","protected":false},"excerpt":{"rendered":"<p>Sou o Leonardo de Camargos Martins, 28 anos, jornalista, p\u00f3s-graduando em Marketing Digital, banc\u00e1rio do Banco do Brasil. Um deficiente com muito orgulho e um apaixonado por esportes e m\u00eddia eletr\u00f4nica. Autor de blogs opinativos e informativos como o Esporte \u00c9 Vida &nbsp;<\/p>\n","protected":false},"author":1,"featured_media":0,"parent":0,"menu_order":0,"comment_status":"closed","ping_status":"open","template":"","meta":{"_bbp_topic_count":0,"_bbp_reply_count":0,"_bbp_total_topic_count":0,"_bbp_total_reply_count":0,"_bbp_voice_count":0,"_bbp_anonymous_reply_count":0,"_bbp_topic_count_hidden":0,"_bbp_reply_count_hidden":0,"_bbp_forum_subforum_count":0,"om_disable_all_campaigns":false,"footnotes":""},"class_list":["post-15","page","type-page","status-publish","hentry"],"yoast_head":"<!-- This site is optimized with the Yoast SEO plugin v27.5 - https:\/\/yoast.com\/product\/yoast-seo-wordpress\/ -->\n<title>Sobre o autor - Esporte \u00c9 Vida<\/title>\n<meta name=\"robots\" content=\"index, follow, max-snippet:-1, max-image-preview:large, max-video-preview:-1\" \/>\n<link rel=\"canonical\" href=\"https:\/\/esporteevidasite.com.br\/index.php\/sobre-o-autor\/\" \/>\n<meta property=\"og:locale\" content=\"pt_BR\" \/>\n<meta property=\"og:type\" content=\"article\" \/>\n<meta property=\"og:title\" content=\"Sobre o autor - Esporte \u00c9 Vida\" \/>\n<meta property=\"og:description\" content=\"Sou o Leonardo de Camargos Martins, 28 anos, jornalista, p\u00f3s-graduando em Marketing Digital, banc\u00e1rio do Banco do Brasil. Um deficiente com muito orgulho e um apaixonado por esportes e m\u00eddia eletr\u00f4nica. Autor de blogs opinativos e informativos como o Esporte \u00c9 Vida &nbsp;\" \/>\n<meta property=\"og:url\" content=\"https:\/\/esporteevidasite.com.br\/index.php\/sobre-o-autor\/\" \/>\n<meta property=\"og:site_name\" content=\"Esporte \u00c9 Vida\" \/>\n<meta property=\"article:modified_time\" content=\"2016-12-02T21:53:29+00:00\" \/>\n<meta property=\"og:image\" content=\"https:\/\/scontent.fplu3-1.fna.fbcdn.net\/v\/t1.0-9\/14224849_1138231726251257_5757453906281645722_n.jpg?oh=e6c7fe6aa7ec2abb4fe1afbca1364ed3&amp;oe=58C6B192\" \/>\n<meta name=\"twitter:card\" content=\"summary_large_image\" \/>\n<script type=\"application\/ld+json\" class=\"yoast-schema-graph\">{\"@context\":\"https:\\\/\\\/schema.org\",\"@graph\":[{\"@type\":\"WebPage\",\"@id\":\"https:\\\/\\\/esporteevidasite.com.br\\\/index.php\\\/sobre-o-autor\\\/\",\"url\":\"https:\\\/\\\/esporteevidasite.com.br\\\/index.php\\\/sobre-o-autor\\\/\",\"name\":\"Sobre o autor - Esporte \u00c9 Vida\",\"isPartOf\":{\"@id\":\"https:\\\/\\\/esporteevidasite.com.br\\\/#website\"},\"primaryImageOfPage\":{\"@id\":\"https:\\\/\\\/esporteevidasite.com.br\\\/index.php\\\/sobre-o-autor\\\/#primaryimage\"},\"image\":{\"@id\":\"https:\\\/\\\/esporteevidasite.com.br\\\/index.php\\\/sobre-o-autor\\\/#primaryimage\"},\"thumbnailUrl\":\"https:\\\/\\\/scontent.fplu3-1.fna.fbcdn.net\\\/v\\\/t1.0-9\\\/14224849_1138231726251257_5757453906281645722_n.jpg?oh=e6c7fe6aa7ec2abb4fe1afbca1364ed3&amp;oe=58C6B192\",\"datePublished\":\"2016-12-01T13:03:10+00:00\",\"dateModified\":\"2016-12-02T21:53:29+00:00\",\"breadcrumb\":{\"@id\":\"https:\\\/\\\/esporteevidasite.com.br\\\/index.php\\\/sobre-o-autor\\\/#breadcrumb\"},\"inLanguage\":\"pt-BR\",\"potentialAction\":[{\"@type\":\"ReadAction\",\"target\":[\"https:\\\/\\\/esporteevidasite.com.br\\\/index.php\\\/sobre-o-autor\\\/\"]}]},{\"@type\":\"ImageObject\",\"inLanguage\":\"pt-BR\",\"@id\":\"https:\\\/\\\/esporteevidasite.com.br\\\/index.php\\\/sobre-o-autor\\\/#primaryimage\",\"url\":\"https:\\\/\\\/scontent.fplu3-1.fna.fbcdn.net\\\/v\\\/t1.0-9\\\/14224849_1138231726251257_5757453906281645722_n.jpg?oh=e6c7fe6aa7ec2abb4fe1afbca1364ed3&amp;oe=58C6B192\",\"contentUrl\":\"https:\\\/\\\/scontent.fplu3-1.fna.fbcdn.net\\\/v\\\/t1.0-9\\\/14224849_1138231726251257_5757453906281645722_n.jpg?oh=e6c7fe6aa7ec2abb4fe1afbca1364ed3&amp;oe=58C6B192\"},{\"@type\":\"BreadcrumbList\",\"@id\":\"https:\\\/\\\/esporteevidasite.com.br\\\/index.php\\\/sobre-o-autor\\\/#breadcrumb\",\"itemListElement\":[{\"@type\":\"ListItem\",\"position\":1,\"name\":\"In\u00edcio\",\"item\":\"https:\\\/\\\/esporteevidasite.com.br\\\/\"},{\"@type\":\"ListItem\",\"position\":2,\"name\":\"Sobre o autor\"}]},{\"@type\":\"WebSite\",\"@id\":\"https:\\\/\\\/esporteevidasite.com.br\\\/#website\",\"url\":\"https:\\\/\\\/esporteevidasite.com.br\\\/\",\"name\":\"Esporte \u00c9 Vida\",\"description\":\"Uma vis\u00e3o diferente do Esporte\",\"potentialAction\":[{\"@type\":\"SearchAction\",\"target\":{\"@type\":\"EntryPoint\",\"urlTemplate\":\"https:\\\/\\\/esporteevidasite.com.br\\\/?s={search_term_string}\"},\"query-input\":{\"@type\":\"PropertyValueSpecification\",\"valueRequired\":true,\"valueName\":\"search_term_string\"}}],\"inLanguage\":\"pt-BR\"}]}<\/script>\n<!-- \/ Yoast SEO plugin. -->","yoast_head_json":{"title":"Sobre o autor - Esporte \u00c9 Vida","robots":{"index":"index","follow":"follow","max-snippet":"max-snippet:-1","max-image-preview":"max-image-preview:large","max-video-preview":"max-video-preview:-1"},"canonical":"https:\/\/esporteevidasite.com.br\/index.php\/sobre-o-autor\/","og_locale":"pt_BR","og_type":"article","og_title":"Sobre o autor - Esporte \u00c9 Vida","og_description":"Sou o Leonardo de Camargos Martins, 28 anos, jornalista, p\u00f3s-graduando em Marketing Digital, banc\u00e1rio do Banco do Brasil. Um deficiente com muito orgulho e um apaixonado por esportes e m\u00eddia eletr\u00f4nica. Autor de blogs opinativos e informativos como o Esporte \u00c9 Vida &nbsp;","og_url":"https:\/\/esporteevidasite.com.br\/index.php\/sobre-o-autor\/","og_site_name":"Esporte \u00c9 Vida","article_modified_time":"2016-12-02T21:53:29+00:00","og_image":[{"url":"https:\/\/scontent.fplu3-1.fna.fbcdn.net\/v\/t1.0-9\/14224849_1138231726251257_5757453906281645722_n.jpg?oh=e6c7fe6aa7ec2abb4fe1afbca1364ed3&amp;oe=58C6B192","type":"","width":"","height":""}],"twitter_card":"summary_large_image","schema":{"@context":"https:\/\/schema.org","@graph":[{"@type":"WebPage","@id":"https:\/\/esporteevidasite.com.br\/index.php\/sobre-o-autor\/","url":"https:\/\/esporteevidasite.com.br\/index.php\/sobre-o-autor\/","name":"Sobre o autor - Esporte \u00c9 Vida","isPartOf":{"@id":"https:\/\/esporteevidasite.com.br\/#website"},"primaryImageOfPage":{"@id":"https:\/\/esporteevidasite.com.br\/index.php\/sobre-o-autor\/#primaryimage"},"image":{"@id":"https:\/\/esporteevidasite.com.br\/index.php\/sobre-o-autor\/#primaryimage"},"thumbnailUrl":"https:\/\/scontent.fplu3-1.fna.fbcdn.net\/v\/t1.0-9\/14224849_1138231726251257_5757453906281645722_n.jpg?oh=e6c7fe6aa7ec2abb4fe1afbca1364ed3&amp;oe=58C6B192","datePublished":"2016-12-01T13:03:10+00:00","dateModified":"2016-12-02T21:53:29+00:00","breadcrumb":{"@id":"https:\/\/esporteevidasite.com.br\/index.php\/sobre-o-autor\/#breadcrumb"},"inLanguage":"pt-BR","potentialAction":[{"@type":"ReadAction","target":["https:\/\/esporteevidasite.com.br\/index.php\/sobre-o-autor\/"]}]},{"@type":"ImageObject","inLanguage":"pt-BR","@id":"https:\/\/esporteevidasite.com.br\/index.php\/sobre-o-autor\/#primaryimage","url":"https:\/\/scontent.fplu3-1.fna.fbcdn.net\/v\/t1.0-9\/14224849_1138231726251257_5757453906281645722_n.jpg?oh=e6c7fe6aa7ec2abb4fe1afbca1364ed3&amp;oe=58C6B192","contentUrl":"https:\/\/scontent.fplu3-1.fna.fbcdn.net\/v\/t1.0-9\/14224849_1138231726251257_5757453906281645722_n.jpg?oh=e6c7fe6aa7ec2abb4fe1afbca1364ed3&amp;oe=58C6B192"},{"@type":"BreadcrumbList","@id":"https:\/\/esporteevidasite.com.br\/index.php\/sobre-o-autor\/#breadcrumb","itemListElement":[{"@type":"ListItem","position":1,"name":"In\u00edcio","item":"https:\/\/esporteevidasite.com.br\/"},{"@type":"ListItem","position":2,"name":"Sobre o autor"}]},{"@type":"WebSite","@id":"https:\/\/esporteevidasite.com.br\/#website","url":"https:\/\/esporteevidasite.com.br\/","name":"Esporte \u00c9 Vida","description":"Uma vis\u00e3o diferente do Esporte","potentialAction":[{"@type":"SearchAction","target":{"@type":"EntryPoint","urlTemplate":"https:\/\/esporteevidasite.com.br\/?s={search_term_string}"},"query-input":{"@type":"PropertyValueSpecification","valueRequired":true,"valueName":"search_term_string"}}],"inLanguage":"pt-BR"}]}},"_links":{"self":[{"href":"https:\/\/esporteevidasite.com.br\/index.php\/wp-json\/wp\/v2\/pages\/15","targetHints":{"allow":["GET"]}}],"collection":[{"href":"https:\/\/esporteevidasite.com.br\/index.php\/wp-json\/wp\/v2\/pages"}],"about":[{"href":"https:\/\/esporteevidasite.com.br\/index.php\/wp-json\/wp\/v2\/types\/page"}],"author":[{"embeddable":true,"href":"https:\/\/esporteevidasite.com.br\/index.php\/wp-json\/wp\/v2\/users\/1"}],"replies":[{"embeddable":true,"href":"https:\/\/esporteevidasite.com.br\/index.php\/wp-json\/wp\/v2\/comments?post=15"}],"version-history":[{"count":4,"href":"https:\/\/esporteevidasite.com.br\/index.php\/wp-json\/wp\/v2\/pages\/15\/revisions"}],"predecessor-version":[{"id":28,"href":"https:\/\/esporteevidasite.com.br\/index.php\/wp-json\/wp\/v2\/pages\/15\/revisions\/28"}],"wp:attachment":[{"href":"https:\/\/esporteevidasite.com.br\/index.php\/wp-json\/wp\/v2\/media?parent=15"}],"curies":[{"name":"wp","href":"https:\/\/api.w.org\/{rel}","templated":true}]}}